{"id":2994,"date":"2026-01-13T22:16:33","date_gmt":"2026-01-13T19:16:33","guid":{"rendered":"https:\/\/wellermansupply.com\/?page_id=2994"},"modified":"2026-02-08T20:59:54","modified_gmt":"2026-02-08T17:59:54","slug":"ordering","status":"publish","type":"page","link":"https:\/\/wellermansupply.com\/tr\/ordering\/","title":{"rendered":"Order Form"},"content":{"rendered":"<div class=\"wp-block-uagb-container uagb-block-c1e2fce7 alignfull uagb-is-root-container\"><div class=\"uagb-container-inner-blocks-wrap\">\n<div class=\"wp-block-uagb-advanced-heading uagb-block-c767fabd\"><h1 class=\"uagb-heading-text\">Sipari\u015finizi Verin<\/h1><\/div>\n\n\n\n<div class=\"wp-block-uagb-info-box uagb-block-0d3d90d3 uagb-infobox__content-wrap  uagb-infobox-icon-above-title uagb-infobox-image-valign-top\"><div class=\"uagb-ifb-content\"><div class=\"uagb-ifb-icon-wrap\"><svg xmlns=\"https:\/\/www.w3.org\/2000\/svg\" viewbox=\"0 0 512 512\"><path d=\"M0 256C0 114.6 114.6 0 256 0C397.4 0 512 114.6 512 256C512 397.4 397.4 512 256 512C114.6 512 0 397.4 0 256zM371.8 211.8C382.7 200.9 382.7 183.1 371.8 172.2C360.9 161.3 343.1 161.3 332.2 172.2L224 280.4L179.8 236.2C168.9 225.3 151.1 225.3 140.2 236.2C129.3 247.1 129.3 264.9 140.2 275.8L204.2 339.8C215.1 350.7 232.9 350.7 243.8 339.8L371.8 211.8z\"><\/path><\/svg><\/div><div class=\"uagb-ifb-title-wrap\"><h3 class=\"uagb-ifb-title\">Sipari\u015f Formu<\/h3><\/div><p class=\"uagb-ifb-desc\">L\u00fctfen Wellerman ile sipari\u015f vermek i\u00e7in bu formu doldurun.<br>Bu formu kullanarak Wellerman crew supply sipari\u015finizi iletebilirsiniz.\n\nSipari\u015f etmek istedi\u011finiz \u00fcr\u00fcnleri do\u011fru \u00fcr\u00fcn kodlar\u0131 ve adetleriyle ekleyiniz. Sat\u0131\u015f ekibimiz k\u0131sa s\u00fcre i\u00e7inde WhatsApp \u00fczerinden sizinle ileti\u015fime ge\u00e7ecektir. <strong>\u201cAdd another product\u201d<\/strong> button. Make sure to enter correct product codes and quantities to avoid any delays.<br>After submitting the form, our sales team will contact you via WhatsApp to confirm your order and provide payment details.<strong>This is not a payment form<\/strong>.After your confirmation on WhatsApp a special payment link will be provided.<br><strong>Minimum order Value 120 USD<\/strong><\/p><\/div><\/div>\n<\/div><\/div>\n\n\n\n<div class=\"wp-block-uagb-container uagb-block-a3c85d3f alignfull uagb-is-root-container\"><div class=\"uagb-container-inner-blocks-wrap\">\n<div class=\"wp-block-uagb-container uagb-block-4502a8bd\"><div class=\"wpforms-container wpforms-block wpforms-block-b11add3a-43f9-4689-bb67-167094f3e3cf\" id=\"wpforms-2975\"><form id=\"wpforms-form-2975\" class=\"wpforms-validate wpforms-form wpforms-ajax-form\" data-formid=\"2975\" method=\"post\" enctype=\"multipart\/form-data\" action=\"\/tr\/wp-json\/wp\/v2\/pages\/2994\" data-token=\"288c9f0c3f483abe276f8bc49474ec5b\" data-token-time=\"1776515077\" data-trp-original-action=\"\/tr\/wp-json\/wp\/v2\/pages\/2994\"><div class=\"wpforms-head-container\"><div class=\"wpforms-title\">Wellerman Supply Order Form<\/div><div class=\"wpforms-description\">Please complete this form to place your order with Wellerman.\r\n\r\nMake sure all information is accurate to avoid any delays. In the order section, list all requested products together with their product codes and quantities.\r\n\r\nAfter submitting the form, you will be directed to our catalogue.There you can select your products and after submitting the quote our sales team will be contact with you via WhatsApp<\/div><\/div><noscript class=\"wpforms-error-noscript\">Bu formu bitirebilmek i\u00e7in taray\u0131c\u0131n\u0131zda JavaScript&#039;i etkinle\u015ftirin.<\/noscript><div class=\"wpforms-field-container\"><div id=\"wpforms-2975-field_1-container\" class=\"wpforms-field wpforms-field-name\" data-field-id=\"1\"><label class=\"wpforms-field-label\">\u0130sim <span class=\"wpforms-required-label\">*<\/span><\/label><div class=\"wpforms-field-row wpforms-field-medium\"><div class=\"wpforms-field-row-block wpforms-first wpforms-one-half\"><input type=\"text\" id=\"wpforms-2975-field_1\" class=\"wpforms-field-name-first wpforms-field-required\" name=\"wpforms[fields][1][first]\" placeholder=\"e.g John\" required><label for=\"wpforms-2975-field_1\" class=\"wpforms-field-sublabel after\">Ad<\/label><\/div><div class=\"wpforms-field-row-block wpforms-one-half\"><input type=\"text\" id=\"wpforms-2975-field_1-last\" class=\"wpforms-field-name-last wpforms-field-required\" name=\"wpforms[fields][1][last]\" placeholder=\"e.g Doe\" required><label for=\"wpforms-2975-field_1-last\" class=\"wpforms-field-sublabel after\">Soyad<\/label><\/div><\/div><\/div><div id=\"wpforms-2975-field_67-container\" class=\"wpforms-field wpforms-field-text\" data-field-id=\"67\"><label class=\"wpforms-field-label\" for=\"wpforms-2975-field_67\">Passport ID<\/label><input type=\"text\" id=\"wpforms-2975-field_67\" class=\"wpforms-field-medium\" name=\"wpforms[fields][67]\" ><div class=\"wpforms-field-description\">For Custom Clerances<\/div><\/div><div id=\"wpforms-2975-field_59-container\" class=\"wpforms-field wpforms-field-text\" data-field-id=\"59\"><label class=\"wpforms-field-label\" for=\"wpforms-2975-field_59\">Nationality <span class=\"wpforms-required-label\">*<\/span><\/label><input type=\"text\" id=\"wpforms-2975-field_59\" class=\"wpforms-field-medium wpforms-field-required\" name=\"wpforms[fields][59]\" placeholder=\"e.g Russian\/Turkish\" required><\/div><div id=\"wpforms-2975-field_46-container\" class=\"wpforms-field wpforms-field-text\" data-field-id=\"46\"><label class=\"wpforms-field-label\" for=\"wpforms-2975-field_46\">Telefon Numaras\u0131 <span class=\"wpforms-required-label\">*<\/span><\/label><input type=\"text\" id=\"wpforms-2975-field_46\" class=\"wpforms-field-medium wpforms-field-required\" name=\"wpforms[fields][46]\" placeholder=\"(---)(---)(----)\" required><\/div>\t\t<div id=\"wpforms-2975-field_3-container\"\n\t\t\tclass=\"wpforms-field wpforms-field-text\"\n\t\t\tdata-field-type=\"text\"\n\t\t\tdata-field-id=\"3\"\n\t\t\t>\n\t\t\t<label class=\"wpforms-field-label\" for=\"wpforms-2975-field_3\" >Number Instructions Vessel<\/label>\n\t\t\t<input type=\"text\" id=\"wpforms-2975-field_3\" class=\"wpforms-field-medium\" name=\"wpforms[fields][3]\" >\n\t\t<\/div>\n\t\t<div id=\"wpforms-2975-field_2-container\" class=\"wpforms-field wpforms-field-email\" data-field-id=\"2\"><label class=\"wpforms-field-label\" for=\"wpforms-2975-field_2\">Email<\/label><input type=\"email\" id=\"wpforms-2975-field_2\" class=\"wpforms-field-medium\" name=\"wpforms[fields][2]\" placeholder=\"e.g john@doe.com.tr\" spellcheck=\"false\" ><\/div><div id=\"wpforms-2975-field_47-container\" class=\"wpforms-field wpforms-field-text\" data-field-id=\"47\"><label class=\"wpforms-field-label\" for=\"wpforms-2975-field_47\">Gemi Ad\u0131 <span class=\"wpforms-required-label\">*<\/span><\/label><input type=\"text\" id=\"wpforms-2975-field_47\" class=\"wpforms-field-medium wpforms-field-required\" name=\"wpforms[fields][47]\" placeholder=\"e.g MV JOHNDOE\" required><div class=\"wpforms-field-description\">Name Of Your Vessel<\/div><\/div><div id=\"wpforms-2975-field_66-container\" class=\"wpforms-field wpforms-field-text\" data-field-id=\"66\"><label class=\"wpforms-field-label\" for=\"wpforms-2975-field_66\">IMO Numaras\u0131<\/label><input type=\"text\" id=\"wpforms-2975-field_66\" class=\"wpforms-field-medium\" name=\"wpforms[fields][66]\" placeholder=\"e.g 11111111111\" ><div class=\"wpforms-field-description\">Liman giri\u015f ve g\u00fcmr\u00fck s\u00fcre\u00e7lerinin h\u0131zland\u0131r\u0131lmas\u0131 i\u00e7in<\/div><\/div><div id=\"wpforms-2975-field_49-container\" class=\"wpforms-field wpforms-field-text\" data-field-id=\"49\"><label class=\"wpforms-field-label\" for=\"wpforms-2975-field_49\">Port\/Terminal <span class=\"wpforms-required-label\">*<\/span><\/label><input type=\"text\" id=\"wpforms-2975-field_49\" class=\"wpforms-field-medium wpforms-field-required\" name=\"wpforms[fields][49]\" placeholder=\"e.g Ambarl\u0131\/Kumport\" required><div class=\"wpforms-field-description\">Port Name or if possible the dock number<\/div><\/div><div id=\"wpforms-2975-field_50-container\" class=\"wpforms-field wpforms-field-text\" data-field-id=\"50\"><label class=\"wpforms-field-label\" for=\"wpforms-2975-field_50\">Your Rank On Vessel <span class=\"wpforms-required-label\">*<\/span><\/label><input type=\"text\" id=\"wpforms-2975-field_50\" class=\"wpforms-field-medium wpforms-field-required\" name=\"wpforms[fields][50]\" placeholder=\"e.g Able Seamen\" required><\/div><div id=\"wpforms-2975-field_51-container\" class=\"wpforms-field wpforms-field-text\" data-field-id=\"51\"><label class=\"wpforms-field-label\" for=\"wpforms-2975-field_51\">Established Time Of Arrival<\/label><input type=\"text\" id=\"wpforms-2975-field_51\" class=\"wpforms-field-medium\" name=\"wpforms[fields][51]\" placeholder=\"eg. 04\/02\/26\" ><div class=\"wpforms-field-description\">Gemi var\u0131\u015f\u0131ndan \u00f6nce sipari\u015f olu\u015fturulabilmesi i\u00e7in gereklidir.<\/div><\/div><div id=\"wpforms-2975-field_57-container\" class=\"wpforms-field wpforms-field-text\" data-field-id=\"57\"><label class=\"wpforms-field-label\" for=\"wpforms-2975-field_57\">Established Time Of Departure<\/label><input type=\"text\" id=\"wpforms-2975-field_57\" class=\"wpforms-field-medium\" name=\"wpforms[fields][57]\" placeholder=\"eg. 04\/02\/26\" ><div class=\"wpforms-field-description\">Gerekli de\u011fil ama operasyon s\u00fcreklili\u011fine yard\u0131mc\u0131 olur<\/div><\/div><div id=\"wpforms-2975-field_7-container\" class=\"wpforms-field wpforms-field-textarea\" data-field-id=\"7\"><label class=\"wpforms-field-label\" for=\"wpforms-2975-field_7\">Sipari\u015f Notu<\/label><textarea id=\"wpforms-2975-field_7\" class=\"wpforms-field-medium\" name=\"wpforms[fields][7]\" placeholder=\"e.g Urgent etc.\" ><\/textarea><div class=\"wpforms-field-description\">\u201c\u00d6nemli bir husus varsa veya \u00f6zel bir talimat\u0131n\u0131z bulunuyorsa doldurunuz.\u201d \n<\/div><\/div><div id=\"wpforms-2975-field_72-container\" class=\"wpforms-field wpforms-field-payment-select wpforms-field-select-style-classic\" data-field-id=\"72\"><label class=\"wpforms-field-label\" for=\"wpforms-2975-field_72\">Payment<\/label><select id=\"wpforms-2975-field_72\" class=\"wpforms-payment-price wpforms-field-medium\" name=\"wpforms[fields][72]\"><option value=\"1\" data-amount=\"10.00\"  selected='selected'>Cash On Delivery<\/option><option value=\"2\" data-amount=\"25.00\" >Credit Card\/Secure Link<\/option><option value=\"3\" data-amount=\"50.00\" >Bank Transfer<\/option><\/select><\/div><div id=\"wpforms-2975-field_26-container\" class=\"wpforms-field wpforms-field-checkbox\" data-field-id=\"26\"><label class=\"wpforms-field-label\">Confirmation <span class=\"wpforms-required-label\">*<\/span><\/label><ul id=\"wpforms-2975-field_26\" class=\"wpforms-field-required\"><li class=\"choice-1 depth-1\"><input type=\"checkbox\" id=\"wpforms-2975-field_26_1\" name=\"wpforms[fields][26][]\" value=\"I acknowledge that I have read and agree to abide by the the Terms and Conditions\" required><label class=\"wpforms-field-label-inline\" for=\"wpforms-2975-field_26_1\">I acknowledge that I have read and agree to abide by the the Terms and Conditions<\/label><\/li><\/ul><\/div><script>\n\t\t\t\t( function() {\n\t\t\t\t\tconst style = document.createElement( 'style' );\n\t\t\t\t\tstyle.appendChild( document.createTextNode( '#wpforms-2975-field_3-container { position: absolute !important; overflow: hidden !important; display: inline !important; height: 1px !important; width: 1px !important; z-index: -1000 !important; padding: 0 !important; } #wpforms-2975-field_3-container input { visibility: hidden; } #wpforms-conversational-form-page #wpforms-2975-field_3-container label { counter-increment: none; }' ) );\n\t\t\t\t\tdocument.head.appendChild( style );\n\t\t\t\t\tdocument.currentScript?.remove();\n\t\t\t\t} )();\n\t\t\t<\/script><\/div><!-- .wpforms-field-container --><div class=\"wpforms-submit-container\" ><input type=\"hidden\" name=\"wpforms[id]\" value=\"2975\"><input type=\"hidden\" name=\"page_title\" value=\"\"><input type=\"hidden\" name=\"page_url\" value=\"https:\/\/wellermansupply.com\/tr\/wp-json\/wp\/v2\/pages\/2994\"><input type=\"hidden\" name=\"url_referer\" value=\"\"><button type=\"submit\" name=\"wpforms[submit]\" id=\"wpforms-submit-2975\" class=\"wpforms-submit\" data-alt-text=\"Sending...\" data-submit-text=\"Submit\" aria-live=\"assertive\" value=\"wpforms-submit\">Submit<\/button><img loading=\"lazy\" decoding=\"async\" src=\"https:\/\/wellermansupply.com\/wp-content\/plugins\/wpforms-lite\/assets\/images\/submit-spin.svg\" class=\"wpforms-submit-spinner\" style=\"display: none;\" width=\"26\" height=\"26\" alt=\"Y\u00fckleniyor\" title=\"Order Form\"><\/div><input type=\"hidden\" name=\"trp-form-language\" value=\"tr\"\/><\/form><\/div>  <!-- .wpforms-container --><\/div>\n<\/div><\/div>\n\n\n\n<p><\/p>","protected":false},"excerpt":{"rendered":"<p>Sipari\u015finizi Verin<\/p>","protected":false},"author":1,"featured_media":0,"parent":0,"menu_order":0,"comment_status":"closed","ping_status":"closed","template":"","meta":{"_uag_custom_page_level_css":"","site-sidebar-layout":"no-sidebar","site-content-layout":"plain-container","ast-site-content-layout":"full-width-container","site-content-style":"unboxed","site-sidebar-style":"unboxed","ast-global-header-display":"","ast-banner-title-visibility":"","ast-main-header-display":"","ast-hfb-above-header-display":"","ast-hfb-below-header-display":"","ast-hfb-mobile-header-display":"","site-post-title":"disabled","ast-breadcrumbs-content":"","ast-featured-img":"disabled","footer-sml-layout":"","ast-disable-related-posts":"","theme-transparent-header-meta":"enabled","adv-header-id-meta":"","stick-header-meta":"","header-above-stick-meta":"","header-main-stick-meta":"","header-below-stick-meta":"","astra-migrate-meta-layouts":"set","ast-page-background-enabled":"default","ast-page-background-meta":{"desktop":{"background-color":"","background-image":"","background-repeat":"repeat","background-position":"center center","background-size":"auto","background-attachment":"scroll","background-type":"","background-media":"","overlay-type":"","overlay-color":"","overlay-opacity":"","overlay-gradient":""},"tablet":{"background-color":"","background-image":"","background-repeat":"repeat","background-position":"center center","background-size":"auto","background-attachment":"scroll","background-type":"","background-media":"","overlay-type":"","overlay-color":"","overlay-opacity":"","overlay-gradient":""},"mobile":{"background-color":"","background-image":"","background-repeat":"repeat","background-position":"center center","background-size":"auto","background-attachment":"scroll","background-type":"","background-media":"","overlay-type":"","overlay-color":"","overlay-opacity":"","overlay-gradient":""}},"ast-content-background-meta":{"desktop":{"background-color":"var(--ast-global-color-5)","background-image":"","background-repeat":"repeat","background-position":"center center","background-size":"auto","background-attachment":"scroll","background-type":"","background-media":"","overlay-type":"","overlay-color":"","overlay-opacity":"","overlay-gradient":""},"tablet":{"background-color":"var(--ast-global-color-5)","background-image":"","background-repeat":"repeat","background-position":"center center","background-size":"auto","background-attachment":"scroll","background-type":"","background-media":"","overlay-type":"","overlay-color":"","overlay-opacity":"","overlay-gradient":""},"mobile":{"background-color":"var(--ast-global-color-5)","background-image":"","background-repeat":"repeat","background-position":"center center","background-size":"auto","background-attachment":"scroll","background-type":"","background-media":"","overlay-type":"","overlay-color":"","overlay-opacity":"","overlay-gradient":""}},"footnotes":""},"class_list":["post-2994","page","type-page","status-publish","hentry"],"aioseo_notices":[],"_hostinger_reach_plugin_has_subscription_block":false,"_hostinger_reach_plugin_is_elementor":false,"uagb_featured_image_src":{"full":false,"thumbnail":false,"medium":false,"medium_large":false,"large":false,"1536x1536":false,"2048x2048":false,"trp-custom-language-flag":false,"woocommerce_thumbnail":false,"woocommerce_single":false,"woocommerce_gallery_thumbnail":false},"uagb_author_info":{"display_name":"U\u011fur G\u00dcRSOY","author_link":"https:\/\/wellermansupply.com\/tr\/author\/ugur-c-gursoygmail-com\/"},"uagb_comment_info":0,"uagb_excerpt":"Place Your Orders","_links":{"self":[{"href":"https:\/\/wellermansupply.com\/tr\/wp-json\/wp\/v2\/pages\/2994","targetHints":{"allow":["GET"]}}],"collection":[{"href":"https:\/\/wellermansupply.com\/tr\/wp-json\/wp\/v2\/pages"}],"about":[{"href":"https:\/\/wellermansupply.com\/tr\/wp-json\/wp\/v2\/types\/page"}],"author":[{"embeddable":true,"href":"https:\/\/wellermansupply.com\/tr\/wp-json\/wp\/v2\/users\/1"}],"replies":[{"embeddable":true,"href":"https:\/\/wellermansupply.com\/tr\/wp-json\/wp\/v2\/comments?post=2994"}],"version-history":[{"count":9,"href":"https:\/\/wellermansupply.com\/tr\/wp-json\/wp\/v2\/pages\/2994\/revisions"}],"predecessor-version":[{"id":3559,"href":"https:\/\/wellermansupply.com\/tr\/wp-json\/wp\/v2\/pages\/2994\/revisions\/3559"}],"wp:attachment":[{"href":"https:\/\/wellermansupply.com\/tr\/wp-json\/wp\/v2\/media?parent=2994"}],"curies":[{"name":"wp","href":"https:\/\/api.w.org\/{rel}","templated":true}]}}