{"id":2806,"date":"2026-01-10T11:07:37","date_gmt":"2026-01-10T08:07:37","guid":{"rendered":"https:\/\/wellermansupply.com\/services-3\/"},"modified":"2026-01-19T20:14:52","modified_gmt":"2026-01-19T17:14:52","slug":"services-3","status":"publish","type":"page","link":"https:\/\/wellermansupply.com\/tr\/services-3\/","title":{"rendered":"Nas\u0131l \u00c7al\u0131\u015f\u0131r ?"},"content":{"rendered":"<div class=\"wp-block-uagb-container uagb-block-c1e2fce7 alignfull uagb-is-root-container\"><div class=\"uagb-container-inner-blocks-wrap\">\n<div class=\"wp-block-uagb-advanced-heading uagb-block-c767fabd\"><h1 class=\"uagb-heading-text\">Nas\u0131l \u00c7al\u0131\u015f\u0131r ?<\/h1><\/div>\n<\/div><\/div>\n\n\n\n<div class=\"wp-block-uagb-container uagb-block-92758601 alignfull uagb-is-root-container\"><div class=\"uagb-container-inner-blocks-wrap\">\n<div class=\"wp-block-uagb-container uagb-block-8ed2340c\">\n<div class=\"wp-block-uagb-info-box uagb-block-83f3c3f0 uagb-infobox__content-wrap  uagb-infobox-icon-above-title uagb-infobox-image-valign-top\"><div class=\"uagb-ifb-content\"><div class=\"uagb-ifb-title-wrap\"><h2 class=\"uagb-ifb-title\">Sipari\u015f<\/h2><\/div><p class=\"uagb-ifb-desc\">\u00d6ncelikle WhatsApp \u00fczerinden sat\u0131\u015f temsilcimiz ile ileti\u015fime ge\u00e7meniz ve katalo\u011fumuzdan se\u00e7ti\u011fimiz \u00fcr\u00fcnlerin \u00fcr\u00fcn kodlar\u0131 ve adetlerini bildirmeniz gerekiyor<\/p><div class=\"uagb-ifb-button-wrapper wp-block-button\"><a href=\"https:\/\/wa.me\/+905384891527\" class=\"uagb-infobox-cta-link ast-outline-button\" target=\"_blank\" rel=\"noopener noreferrer\" style=\"border-width:revert-layer\" onclick=\"return true;\"><span class=\"uagb-inline-editing\">\u0130leti\u015fim<\/span><svg xmlns=\"https:\/\/www.w3.org\/2000\/svg\" viewbox=\"0 0 448 512\"><path d=\"M380.9 97.1C339 55.1 283.2 32 223.9 32c-122.4 0-222 99.6-222 222 0 39.1 10.2 77.3 29.6 111L0 480l117.7-30.9c32.4 17.7 68.9 27 106.1 27h.1c122.3 0 224.1-99.6 224.1-222 0-59.3-25.2-115-67.1-157zm-157 341.6c-33.2 0-65.7-8.9-94-25.7l-6.7-4-69.8 18.3L72 359.2l-4.4-7c-18.5-29.4-28.2-63.3-28.2-98.2 0-101.7 82.8-184.5 184.6-184.5 49.3 0 95.6 19.2 130.4 54.1 34.8 34.9 56.2 81.2 56.1 130.5 0 101.8-84.9 184.6-186.6 184.6zm101.2-138.2c-5.5-2.8-32.8-16.2-37.9-18-5.1-1.9-8.8-2.8-12.5 2.8-3.7 5.6-14.3 18-17.6 21.8-3.2 3.7-6.5 4.2-12 1.4-32.6-16.3-54-29.1-75.5-66-5.7-9.8 5.7-9.1 16.3-30.3 1.8-3.7 .9-6.9-.5-9.7-1.4-2.8-12.5-30.1-17.1-41.2-4.5-10.8-9.1-9.3-12.5-9.5-3.2-.2-6.9-.2-10.6-.2-3.7 0-9.7 1.4-14.8 6.9-5.1 5.6-19.4 19-19.4 46.3 0 27.3 19.9 53.7 22.6 57.4 2.8 3.7 39.1 59.7 94.8 83.8 35.2 15.2 49 16.5 66.6 13.9 10.7-1.6 32.8-13.4 37.4-26.4 4.6-13 4.6-24.1 3.2-26.4-1.3-2.5-5-3.9-10.5-6.6z\"><\/path><\/svg><\/a><\/div><\/div><\/div>\n<\/div>\n\n\n\n<div class=\"wp-block-uagb-image uagb-block-704d8fd3 wp-block-uagb-image--layout-default wp-block-uagb-image--effect-static wp-block-uagb-image--align-none\"><figure class=\"wp-block-uagb-image__figure\"><img decoding=\"async\" srcset=\"https:\/\/wellermansupply.com\/wp-content\/uploads\/2026\/01\/WhatsApp-Image-2026-01-08-at-13.24.54-2-1024x558.jpeg ,https:\/\/wellermansupply.com\/wp-content\/uploads\/2026\/01\/WhatsApp-Image-2026-01-08-at-13.24.54-2.jpeg 780w, https:\/\/wellermansupply.com\/wp-content\/uploads\/2026\/01\/WhatsApp-Image-2026-01-08-at-13.24.54-2.jpeg 360w\" sizes=\"auto, (max-width: 480px) 150px\" src=\"https:\/\/wellermansupply.com\/wp-content\/uploads\/2026\/01\/WhatsApp-Image-2026-01-08-at-13.24.54-2-1024x558.jpeg\" alt=\"whatsapp image 2026 01 08 at 13.24.54\" class=\"uag-image-2918\" width=\"570\" height=\"380\" title=\"whatsapp image 2026 01 08 at 13.24.54\" loading=\"lazy\" role=\"img\"\/><\/figure><\/div>\n<\/div><\/div>\n\n\n\n<div class=\"wp-block-uagb-container uagb-block-0fa8dc87 alignfull uagb-is-root-container\"><div class=\"uagb-container-inner-blocks-wrap\">\n<div class=\"wp-block-uagb-image uagb-block-95ad5af2 wp-block-uagb-image--layout-default wp-block-uagb-image--effect-static wp-block-uagb-image--align-none\"><figure class=\"wp-block-uagb-image__figure\"><img decoding=\"async\" srcset=\"https:\/\/wellermansupply.com\/wp-content\/uploads\/2026\/01\/WhatsApp-Image-2026-01-08-at-13.24.53-4-2-1024x559.jpeg ,https:\/\/wellermansupply.com\/wp-content\/uploads\/2026\/01\/WhatsApp-Image-2026-01-08-at-13.24.53-4-2.jpeg 780w, https:\/\/wellermansupply.com\/wp-content\/uploads\/2026\/01\/WhatsApp-Image-2026-01-08-at-13.24.53-4-2.jpeg 360w\" sizes=\"auto, (max-width: 480px) 150px\" src=\"https:\/\/wellermansupply.com\/wp-content\/uploads\/2026\/01\/WhatsApp-Image-2026-01-08-at-13.24.53-4-2-1024x559.jpeg\" alt=\"whatsapp image 2026 01 08 at 13.24.53 (4)\" class=\"uag-image-2917\" width=\"570\" height=\"380\" title=\"whatsapp image 2026 01 08 at 13.24.53 (4)\" loading=\"lazy\" role=\"img\"\/><\/figure><\/div>\n\n\n\n<div class=\"wp-block-uagb-container uagb-block-273f62cc\">\n<div class=\"wp-block-uagb-info-box uagb-block-f179cbd3 uagb-infobox__content-wrap  uagb-infobox-icon-above-title uagb-infobox-image-valign-top\"><div class=\"uagb-ifb-content\"><div class=\"uagb-ifb-title-wrap\"><h2 class=\"uagb-ifb-title\">Onay &amp; \u00d6deme<\/h2><\/div><p class=\"uagb-ifb-desc\">WhatsApp \u00fczerinden size g\u00f6nderilen ve i\u00e7erisinde se\u00e7ti\u011finiz \u00fcr\u00fcn, adet ve fiyat\u0131 yaz\u0131l\u0131 olan hesap \u00f6zetini onaylad\u0131ktan sonra taraf\u0131n\u0131za g\u00fcvenli ve korumal\u0131 bir \u00f6deme linki g\u00f6nderilir ve \u00f6demeniz tamamland\u0131\u011f\u0131nda ise faturan\u0131z an\u0131nda size g\u00f6nderilir<\/p><div class=\"uagb-ifb-button-wrapper wp-block-button\"><a href=\"https:\/\/wellermansupply.com\/wp-content\/uploads\/2026\/01\/Catalogue-Final-sikistirildi.pdf\" class=\"uagb-infobox-cta-link ast-outline-button\" target=\"_blank\" rel=\"noopener noreferrer\" style=\"border-width:revert-layer\" onclick=\"return true;\"><span class=\"uagb-inline-editing\">Katalog <\/span><svg xmlns=\"https:\/\/www.w3.org\/2000\/svg\" viewbox=\"0 0 576 512\"><path d=\"M144.3 32.04C106.9 31.29 63.7 41.44 18.6 61.29c-11.42 5.026-18.6 16.67-18.6 29.15l0 357.6c0 11.55 11.99 19.55 22.45 14.65c126.3-59.14 219.8 11 223.8 14.01C249.1 478.9 252.5 480 256 480c12.4 0 16-11.38 16-15.98V80.04c0-5.203-2.531-10.08-6.781-13.08C263.3 65.58 216.7 33.35 144.3 32.04zM557.4 61.29c-45.11-19.79-88.48-29.61-125.7-29.26c-72.44 1.312-118.1 33.55-120.9 34.92C306.5 69.96 304 74.83 304 80.04v383.1C304 468.4 307.5 480 320 480c3.484 0 6.938-1.125 9.781-3.328c3.925-3.018 97.44-73.16 223.8-14c10.46 4.896 22.45-3.105 22.45-14.65l.0001-357.6C575.1 77.97 568.8 66.31 557.4 61.29z\"><\/path><\/svg><\/a><\/div><\/div><\/div>\n<\/div>\n<\/div><\/div>\n\n\n\n<div class=\"wp-block-uagb-container uagb-block-a3c85d3f alignfull uagb-is-root-container\"><div class=\"uagb-container-inner-blocks-wrap\">\n<div class=\"wp-block-uagb-container uagb-block-4502a8bd\">\n<div class=\"wp-block-uagb-info-box uagb-block-109f07e7 uagb-infobox__content-wrap  uagb-infobox-icon-above-title uagb-infobox-image-valign-top\"><div class=\"uagb-ifb-content\"><div class=\"uagb-ifb-title-wrap\"><h2 class=\"uagb-ifb-title\">Teslimat<\/h2><\/div><p class=\"uagb-ifb-desc\">Sipari\u015fleriniz yola \u00e7\u0131kar \u00e7\u0131kmaz taraf\u0131n\u0131za bildirilecektir. \u0130kinci bir ba\u015fka mesaj ise sipari\u015finiz geminize ula\u015f\u0131nca gelecek ve sizlere teslim edilecek.<\/p><div class=\"uagb-ifb-button-wrapper wp-block-button\"><a href=\"https:\/\/wellermansupply.com\/wp-content\/uploads\/2026\/01\/Order-Guide.png\" class=\"uagb-infobox-cta-link ast-outline-button\" target=\"_blank\" rel=\"noopener noreferrer\" style=\"border-width:revert-layer\" onclick=\"return true;\"><span class=\"uagb-inline-editing\">Rehber<\/span><svg xmlns=\"https:\/\/www.w3.org\/2000\/svg\" viewbox=\"0 0 320 512\"><path d=\"M204.3 32.01H96c-52.94 0-96 43.06-96 96c0 17.67 14.31 31.1 32 31.1s32-14.32 32-31.1c0-17.64 14.34-32 32-32h108.3C232.8 96.01 256 119.2 256 147.8c0 19.72-10.97 37.47-30.5 47.33L127.8 252.4C117.1 258.2 112 268.7 112 280v40c0 17.67 14.31 31.99 32 31.99s32-14.32 32-31.99V298.3L256 251.3c39.47-19.75 64-59.42 64-103.5C320 83.95 268.1 32.01 204.3 32.01zM144 400c-22.09 0-40 17.91-40 40s17.91 39.1 40 39.1s40-17.9 40-39.1S166.1 400 144 400z\"><\/path><\/svg><\/a><\/div><\/div><\/div>\n<\/div>\n\n\n\n<div class=\"wp-block-uagb-image uagb-block-18897b0b wp-block-uagb-image--layout-default wp-block-uagb-image--effect-static wp-block-uagb-image--align-none\"><figure class=\"wp-block-uagb-image__figure\"><img decoding=\"async\" srcset=\"https:\/\/wellermansupply.com\/wp-content\/uploads\/2026\/01\/WhatsApp-Image-2026-01-08-at-13.24.53-3-2-1024x559.jpeg ,https:\/\/wellermansupply.com\/wp-content\/uploads\/2026\/01\/WhatsApp-Image-2026-01-08-at-13.24.53-3-2.jpeg 780w, https:\/\/wellermansupply.com\/wp-content\/uploads\/2026\/01\/WhatsApp-Image-2026-01-08-at-13.24.53-3-2.jpeg 360w\" sizes=\"auto, (max-width: 480px) 150px\" src=\"https:\/\/wellermansupply.com\/wp-content\/uploads\/2026\/01\/WhatsApp-Image-2026-01-08-at-13.24.53-3-2-1024x559.jpeg\" alt=\"whatsapp image 2026 01 08 at 13.24.53 (3)\" class=\"uag-image-2919\" width=\"1024\" height=\"682\" title=\"whatsapp image 2026 01 08 at 13.24.53 (3)\" loading=\"lazy\" role=\"img\"\/><\/figure><\/div>\n<\/div><\/div>\n\n\n\n<div class=\"wp-block-uagb-container uagb-block-6f559b4f alignfull uagb-is-root-container\"><div class=\"uagb-container-inner-blocks-wrap\">\n<div class=\"wp-block-uagb-advanced-heading uagb-block-9997db04\"><h2 class=\"uagb-heading-text\">S.S.S<\/h2><p class=\"uagb-desc-text\">\u0130\u015fte s\u0131k\u00e7a sorulan sorulardan bir ka\u00e7\u0131; <\/p><\/div>\n\n\n<div class=\"wp-block-uagb-faq uagb-faq__outer-wrap uagb-block-a92893ac uagb-faq-icon-row-reverse uagb-faq-layout-accordion uagb-faq-expand-first-false uagb-faq-inactive-other-true uagb-faq__wrap uagb-buttons-layout-wrap uagb-faq-equal-height\" data-faqtoggle=\"true\" role=\"tablist\"><div class=\"wp-block-uagb-faq-child uagb-faq-child__outer-wrap uagb-faq-item uagb-block-7b345a3a\" role=\"tab\" tabindex=\"0\"><div class=\"uagb-faq-questions-button uagb-faq-questions\">\t\t\t<span class=\"uagb-icon uagb-faq-icon-wrap\">\n\t\t\t\t\t\t\t<\/span>\n\t\t\t\t\t\t<span class=\"uagb-icon-active uagb-faq-icon-wrap\">\n\t\t\t\t\t\t\t\t<svg xmlns=\"https:\/\/www.w3.org\/2000\/svg\" viewbox= \"0 0 320 512\"><path d=\"M9.39 265.4l127.1-128C143.6 131.1 151.8 128 160 128s16.38 3.125 22.63 9.375l127.1 128c9.156 9.156 11.9 22.91 6.943 34.88S300.9 320 287.1 320H32.01c-12.94 0-24.62-7.781-29.58-19.75S.2333 274.5 9.39 265.4z\"><\/path><\/svg>\n\t\t\t\t\t\t\t<\/span>\n\t\t\t<span class=\"uagb-question\">Sipari\u015f verme i\u015flemi nas\u0131l \u00e7al\u0131\u015f\u0131yor ?<\/span><\/div><div class=\"uagb-faq-content\"><p>WhatsApp \u00fczerinden sat\u0131\u015f temsilcimizle ileti\u015fime ge\u00e7er, se\u00e7ti\u011finiz \u00fcr\u00fcnleri adetleriyle birlikte payla\u015f\u0131rs\u0131n\u0131z. Sipari\u015f \u00f6zetini onaylad\u0131ktan sonra g\u00fcvenli \u00f6deme linki \u00fczerinden \u00f6demenizi tamamlars\u0131n\u0131z<\/p><\/div><\/div><div class=\"wp-block-uagb-faq-child uagb-faq-child__outer-wrap uagb-faq-item uagb-block-c0ede2d4\" role=\"tab\" tabindex=\"0\"><div class=\"uagb-faq-questions-button uagb-faq-questions\">\t\t\t<span class=\"uagb-icon uagb-faq-icon-wrap\">\n\t\t\t\t\t\t\t<\/span>\n\t\t\t\t\t\t<span class=\"uagb-icon-active uagb-faq-icon-wrap\">\n\t\t\t\t\t\t\t\t<svg xmlns=\"https:\/\/www.w3.org\/2000\/svg\" viewbox= \"0 0 320 512\"><path d=\"M9.39 265.4l127.1-128C143.6 131.1 151.8 128 160 128s16.38 3.125 22.63 9.375l127.1 128c9.156 9.156 11.9 22.91 6.943 34.88S300.9 320 287.1 320H32.01c-12.94 0-24.62-7.781-29.58-19.75S.2333 274.5 9.39 265.4z\"><\/path><\/svg>\n\t\t\t\t\t\t\t<\/span>\n\t\t\t<span class=\"uagb-question\">Hangi \u00f6deme y\u00f6ntemlerini kabul ediyorsunuz ?<\/span><\/div><div class=\"uagb-faq-content\"><p>\u00d6demeler g\u00fcvenli bir online \u00f6deme linki ile ger\u00e7ekle\u015ftirilmektedir. Bu taraflara daha g\u00fcvenli ve takip edilebilir bir i\u015flem yapma \u015fans\u0131 sunar. Fakat baz\u0131 \u00f6zel durumlarda nakit \u00f6deme de kabul etmekteyiz. Detaylar i\u00e7in sat\u0131\u015f temsilciniz ile konu\u015fabilirsiniz.<\/p><\/div><\/div><div class=\"wp-block-uagb-faq-child uagb-faq-child__outer-wrap uagb-faq-item uagb-block-e7754ee4\" role=\"tab\" tabindex=\"0\"><div class=\"uagb-faq-questions-button uagb-faq-questions\">\t\t\t<span class=\"uagb-icon uagb-faq-icon-wrap\">\n\t\t\t\t\t\t\t<\/span>\n\t\t\t\t\t\t<span class=\"uagb-icon-active uagb-faq-icon-wrap\">\n\t\t\t\t\t\t\t\t<svg xmlns=\"https:\/\/www.w3.org\/2000\/svg\" viewbox= \"0 0 320 512\"><path d=\"M9.39 265.4l127.1-128C143.6 131.1 151.8 128 160 128s16.38 3.125 22.63 9.375l127.1 128c9.156 9.156 11.9 22.91 6.943 34.88S300.9 320 287.1 320H32.01c-12.94 0-24.62-7.781-29.58-19.75S.2333 274.5 9.39 265.4z\"><\/path><\/svg>\n\t\t\t\t\t\t\t<\/span>\n\t\t\t<span class=\"uagb-question\">Sipari\u015fleri nereye teslim ediyorsunuz ?<\/span><\/div><div class=\"uagb-faq-content\"><p class=\"translation-block\">Sipari\u015fleri direk geminin<strong> bordas\u0131na m\u00fcmk\u00fcnse g\u00fcverteye<\/strong> b\u0131rak\u0131yoruz.<\/p><\/div><\/div><div class=\"wp-block-uagb-faq-child uagb-faq-child__outer-wrap uagb-faq-item uagb-block-99aac894\" role=\"tab\" tabindex=\"0\"><div class=\"uagb-faq-questions-button uagb-faq-questions\">\t\t\t<span class=\"uagb-icon uagb-faq-icon-wrap\">\n\t\t\t\t\t\t\t<\/span>\n\t\t\t\t\t\t<span class=\"uagb-icon-active uagb-faq-icon-wrap\">\n\t\t\t\t\t\t\t\t<svg xmlns=\"https:\/\/www.w3.org\/2000\/svg\" viewbox= \"0 0 320 512\"><path d=\"M9.39 265.4l127.1-128C143.6 131.1 151.8 128 160 128s16.38 3.125 22.63 9.375l127.1 128c9.156 9.156 11.9 22.91 6.943 34.88S300.9 320 287.1 320H32.01c-12.94 0-24.62-7.781-29.58-19.75S.2333 274.5 9.39 265.4z\"><\/path><\/svg>\n\t\t\t\t\t\t\t<\/span>\n\t\t\t<span class=\"uagb-question\">Ne s\u0131kl\u0131kla da\u011f\u0131t\u0131ma \u00e7\u0131k\u0131yorsunuz ?<\/span><\/div><div class=\"uagb-faq-content\"><p class=\"translation-block\">G\u00fcnde <strong> iki defa<\/strong> olmak \u00fczere da\u011f\u0131t\u0131ma \u00e7\u0131k\u0131yoruz.<\/p><\/div><\/div><div class=\"wp-block-uagb-faq-child uagb-faq-child__outer-wrap uagb-faq-item uagb-block-cf9b9cec\" role=\"tab\" tabindex=\"0\"><div class=\"uagb-faq-questions-button uagb-faq-questions\">\t\t\t<span class=\"uagb-icon uagb-faq-icon-wrap\">\n\t\t\t\t\t\t\t<\/span>\n\t\t\t\t\t\t<span class=\"uagb-icon-active uagb-faq-icon-wrap\">\n\t\t\t\t\t\t\t\t<svg xmlns=\"https:\/\/www.w3.org\/2000\/svg\" viewbox= \"0 0 320 512\"><path d=\"M9.39 265.4l127.1-128C143.6 131.1 151.8 128 160 128s16.38 3.125 22.63 9.375l127.1 128c9.156 9.156 11.9 22.91 6.943 34.88S300.9 320 287.1 320H32.01c-12.94 0-24.62-7.781-29.58-19.75S.2333 274.5 9.39 265.4z\"><\/path><\/svg>\n\t\t\t\t\t\t\t<\/span>\n\t\t\t<span class=\"uagb-question\">Servisiniz g\u00fcvenli mi ?<\/span><\/div><div class=\"uagb-faq-content\"><p class=\"translation-block\"><strong>Kesinlikle<\/strong> B\u00fct\u00fcn operasyonmuz sipari\u015f verildikten teslimata kadar g\u00fcvenli ve \u015feffaf bir \u015fekilde y\u00f6netilmektedir.<\/p><\/div><\/div><div class=\"wp-block-uagb-faq-child uagb-faq-child__outer-wrap uagb-faq-item uagb-block-f4855c9e\" role=\"tab\" tabindex=\"0\"><div class=\"uagb-faq-questions-button uagb-faq-questions\">\t\t\t<span class=\"uagb-icon uagb-faq-icon-wrap\">\n\t\t\t\t\t\t\t\t<svg xmlns=\"https:\/\/www.w3.org\/2000\/svg\" viewbox= \"0 0 448 512\"><path d=\"M432 256c0 17.69-14.33 32.01-32 32.01H256v144c0 17.69-14.33 31.99-32 31.99s-32-14.3-32-31.99v-144H48c-17.67 0-32-14.32-32-32.01s14.33-31.99 32-31.99H192v-144c0-17.69 14.33-32.01 32-32.01s32 14.32 32 32.01v144h144C417.7 224 432 238.3 432 256z\"><\/path><\/svg>\n\t\t\t\t\t\t\t<\/span>\n\t\t\t\t\t\t<span class=\"uagb-icon-active uagb-faq-icon-wrap\">\n\t\t\t\t\t\t\t\t<svg xmlns=\"https:\/\/www.w3.org\/2000\/svg\" viewbox= \"0 0 448 512\"><path d=\"M400 288h-352c-17.69 0-32-14.32-32-32.01s14.31-31.99 32-31.99h352c17.69 0 32 14.3 32 31.99S417.7 288 400 288z\"><\/path><\/svg>\n\t\t\t\t\t\t\t<\/span>\n\t\t\t<span class=\"uagb-question\"><strong>Bulundu\u011fum gemi demirde iken sipari\u015f verebilir miyiz ?<\/strong><\/span><\/div><div class=\"uagb-faq-content\"><p>Teslimat durumu liman ko\u015fullar\u0131na g\u00f6re de\u011fi\u015fmektedir. Demirde iken yana\u015fma i\u00e7in sipari\u015f vermek i\u00e7in Sat\u0131\u015f G\u00f6revliniz ile ileti\u015fime ge\u00e7in.<\/p><\/div><\/div><\/div><\/div><\/div>","protected":false},"excerpt":{"rendered":"<p>How It Works F.A.Q.\u200b Here is the some of the questions you may ask<\/p>","protected":false},"author":1,"featured_media":0,"parent":0,"menu_order":0,"comment_status":"closed","ping_status":"closed","template":"","meta":{"_uag_custom_page_level_css":"","site-sidebar-layout":"no-sidebar","site-content-layout":"plain-container","ast-site-content-layout":"full-width-container","site-content-style":"unboxed","site-sidebar-style":"unboxed","ast-global-header-display":"","ast-banner-title-visibility":"","ast-main-header-display":"","ast-hfb-above-header-display":"","ast-hfb-below-header-display":"","ast-hfb-mobile-header-display":"","site-post-title":"disabled","ast-breadcrumbs-content":"","ast-featured-img":"disabled","footer-sml-layout":"","ast-disable-related-posts":"","theme-transparent-header-meta":"enabled","adv-header-id-meta":"","stick-header-meta":"","header-above-stick-meta":"","header-main-stick-meta":"","header-below-stick-meta":"","astra-migrate-meta-layouts":"set","ast-page-background-enabled":"default","ast-page-background-meta":{"desktop":{"background-color":"","background-image":"","background-repeat":"repeat","background-position":"center center","background-size":"auto","background-attachment":"scroll","background-type":"","background-media":"","overlay-type":"","overlay-color":"","overlay-opacity":"","overlay-gradient":""},"tablet":{"background-color":"","background-image":"","background-repeat":"repeat","background-position":"center center","background-size":"auto","background-attachment":"scroll","background-type":"","background-media":"","overlay-type":"","overlay-color":"","overlay-opacity":"","overlay-gradient":""},"mobile":{"background-color":"","background-image":"","background-repeat":"repeat","background-position":"center center","background-size":"auto","background-attachment":"scroll","background-type":"","background-media":"","overlay-type":"","overlay-color":"","overlay-opacity":"","overlay-gradient":""}},"ast-content-background-meta":{"desktop":{"background-color":"var(--ast-global-color-5)","background-image":"","background-repeat":"repeat","background-position":"center center","background-size":"auto","background-attachment":"scroll","background-type":"","background-media":"","overlay-type":"","overlay-color":"","overlay-opacity":"","overlay-gradient":""},"tablet":{"background-color":"var(--ast-global-color-5)","background-image":"","background-repeat":"repeat","background-position":"center center","background-size":"auto","background-attachment":"scroll","background-type":"","background-media":"","overlay-type":"","overlay-color":"","overlay-opacity":"","overlay-gradient":""},"mobile":{"background-color":"var(--ast-global-color-5)","background-image":"","background-repeat":"repeat","background-position":"center center","background-size":"auto","background-attachment":"scroll","background-type":"","background-media":"","overlay-type":"","overlay-color":"","overlay-opacity":"","overlay-gradient":""}},"footnotes":""},"class_list":["post-2806","page","type-page","status-publish","hentry"],"aioseo_notices":[],"_hostinger_reach_plugin_has_subscription_block":false,"_hostinger_reach_plugin_is_elementor":false,"uagb_featured_image_src":{"full":false,"thumbnail":false,"medium":false,"medium_large":false,"large":false,"1536x1536":false,"2048x2048":false,"trp-custom-language-flag":false,"woocommerce_thumbnail":false,"woocommerce_single":false,"woocommerce_gallery_thumbnail":false},"uagb_author_info":{"display_name":"U\u011fur G\u00dcRSOY","author_link":"https:\/\/wellermansupply.com\/tr\/author\/ugur-c-gursoygmail-com\/"},"uagb_comment_info":0,"uagb_excerpt":"How It Works F.A.Q.\u200b Here is the some of the questions you may ask","_links":{"self":[{"href":"https:\/\/wellermansupply.com\/tr\/wp-json\/wp\/v2\/pages\/2806","targetHints":{"allow":["GET"]}}],"collection":[{"href":"https:\/\/wellermansupply.com\/tr\/wp-json\/wp\/v2\/pages"}],"about":[{"href":"https:\/\/wellermansupply.com\/tr\/wp-json\/wp\/v2\/types\/page"}],"author":[{"embeddable":true,"href":"https:\/\/wellermansupply.com\/tr\/wp-json\/wp\/v2\/users\/1"}],"replies":[{"embeddable":true,"href":"https:\/\/wellermansupply.com\/tr\/wp-json\/wp\/v2\/comments?post=2806"}],"version-history":[{"count":14,"href":"https:\/\/wellermansupply.com\/tr\/wp-json\/wp\/v2\/pages\/2806\/revisions"}],"predecessor-version":[{"id":3021,"href":"https:\/\/wellermansupply.com\/tr\/wp-json\/wp\/v2\/pages\/2806\/revisions\/3021"}],"wp:attachment":[{"href":"https:\/\/wellermansupply.com\/tr\/wp-json\/wp\/v2\/media?parent=2806"}],"curies":[{"name":"wp","href":"https:\/\/api.w.org\/{rel}","templated":true}]}}