{"id":2805,"date":"2026-01-10T11:07:37","date_gmt":"2026-01-10T08:07:37","guid":{"rendered":"https:\/\/wellermansupply.com\/about-3\/"},"modified":"2026-01-10T14:43:02","modified_gmt":"2026-01-10T11:43:02","slug":"about-3","status":"publish","type":"page","link":"https:\/\/wellermansupply.com\/tr\/about-3\/","title":{"rendered":"Hakk\u0131nda"},"content":{"rendered":"<div class=\"wp-block-uagb-container uagb-block-f6474934 alignfull uagb-is-root-container\"><div class=\"uagb-container-inner-blocks-wrap\">\n<div class=\"wp-block-uagb-advanced-heading uagb-block-b47deef7\"><h1 class=\"uagb-heading-text\">About Us\u200b<\/h1><\/div>\n<\/div><\/div>\n\n\n\n<div class=\"wp-block-uagb-container uagb-block-da5d164a alignfull uagb-is-root-container\"><div class=\"uagb-container-inner-blocks-wrap\">\n<div class=\"wp-block-uagb-advanced-heading uagb-block-7d9c3655\"><h2 class=\"uagb-heading-text\">2025 Y\u0131l\u0131nda Kurulduk<\/h2><\/div>\n\n\n\n<div class=\"wp-block-uagb-container uagb-block-fdfc0364\">\n<div class=\"wp-block-uagb-info-box uagb-block-0ef86749 uagb-infobox__content-wrap  uagb-infobox-icon-above-title uagb-infobox-image-valign-top\"><div class=\"uagb-ifb-content\"><div class=\"uagb-ifb-title-wrap\"><span class=\"uagb-ifb-title-prefix\"><strong>Hem kara hem de deniz a\u015f\u0131r\u0131 operasyonlar\u0131nda denizcilik sekt\u00f6r\u00fcnde edindi\u011fimiz tecr\u00fcbenin \u0131\u015f\u0131\u011f\u0131nda, bu end\u00fcstrinin en g\u00f6z ard\u0131 edinen ama en \u00f6nemli par\u00e7as\u0131 olan denizcilerin konfor ve rahat\u0131n\u0131 geli\u015ftirmek \u00fczere \u00e7al\u0131\u015f\u0131yoruz.<\/strong> <\/span><\/div><p class=\"uagb-ifb-desc\">Operasyonumuz denizcilerin hayatlar\u0131n\u0131 liman s\u00fcresince ve sonras\u0131nda daha kolay bir hale getirmek \u00fczere \u00e7al\u0131\u015fmaktad\u0131r. Deniz a\u015f\u0131r\u0131 ve kara operasyonlar\u0131nda edindi\u011fimiz tecr\u00fcbe, denizciler i\u00e7in \u00e7ok ufak de\u011fi\u015fikliklerin \u00e7ok b\u00fcy\u00fck fark yaratt\u0131\u011f\u0131n\u0131 \u00f6\u011fretti. A\u00e7\u0131k ileti\u015fim, g\u00fcvenli partnerler ve  do\u011fru planlama ile beraber gemi personelinin dertsiz ve tasas\u0131z bir \u015fekilde \u015fahsi ihtiya\u00e7lar\u0131n\u0131 kendilerine ula\u015ft\u0131raca\u011f\u0131m\u0131z\u0131 temin ediyoruz. Amac\u0131m\u0131z basit ; en yo\u011fun liman operasyonlar\u0131nda bile personelin konforunu d\u00fc\u015f\u00fcnmek.<br><br>Sizinle g\u00f6r\u00fc\u015fmek i\u00e7in sab\u0131rs\u0131zlan\u0131yoruz.<\/p><\/div><\/div>\n\n\n\n<div class=\"wp-block-uagb-advanced-heading uagb-block-930e46bc\"><h3 class=\"uagb-heading-text\">Vira Bismillah<\/h3><\/div>\n<\/div>\n<\/div><\/div>\n\n\n\n<div class=\"wp-block-uagb-container uagb-layout-grid uagb-block-e28cfc75 alignfull uagb-is-root-container\"><div class=\"uagb-container-inner-blocks-wrap\">\n<div class=\"wp-block-uagb-advanced-heading uagb-block-eda63079\"><h2 class=\"uagb-heading-text\">Misyon<\/h2><p class=\"uagb-desc-text\">Liman s\u00fcresi boyunca denizcilere konforu, refah\u0131 ve verimlili\u011fi art\u0131ran g\u00fcvenilir ve y\u00fcksek kaliteli m\u00fcrettebat ihtiya\u00e7lar\u0131n\u0131 ula\u015ft\u0131rarak onlar\u0131 desteklemek.<\/p><\/div>\n\n\n\n<div class=\"wp-block-uagb-advanced-heading uagb-block-85427a9f\"><h2 class=\"uagb-heading-text\">Vizyon<\/h2><p class=\"uagb-desc-text\">Operasyonel m\u00fckemmeliyeti, \u015feffafl\u0131\u011f\u0131 ve denizcilere duydu\u011fu samimi \u00f6zenle tan\u0131nan, g\u00fcvenilir bir k\u00fcresel gemi tedarik orta\u011f\u0131 olmak.<\/p><\/div>\n\n\n\n<div class=\"wp-block-uagb-container uagb-block-f0a15929\">\n<div class=\"wp-block-uagb-advanced-heading uagb-block-148f71c6\"><h2 class=\"uagb-heading-text\">De\u011ferler<\/h2><\/div>\n\n\n\n<div class=\"wp-block-uagb-icon-list uagb-block-be0f6192\"><div class=\"uagb-icon-list__wrap\">\n<div class=\"wp-block-uagb-icon-list-child uagb-block-b1e98b3c\"><a target=\"_self\" aria-label=\"G\u00fcvenilirlik\" rel=\"noopener noreferrer\" href=\"#\"> <\/a><span class=\"uagb-icon-list__source-wrap\"><svg xmlns=\"https:\/\/www.w3.org\/2000\/svg\" viewbox=\"0 0 256 512\"><path d=\"M118.6 105.4l128 127.1C252.9 239.6 256 247.8 256 255.1s-3.125 16.38-9.375 22.63l-128 127.1c-9.156 9.156-22.91 11.9-34.88 6.943S64 396.9 64 383.1V128c0-12.94 7.781-24.62 19.75-29.58S109.5 96.23 118.6 105.4z\"><\/path><\/svg><\/span><span class=\"uagb-icon-list__label\">G\u00fcvenilirlik<\/span><\/div>\n\n\n\n<div class=\"wp-block-uagb-icon-list-child uagb-block-bab344fa\"><a target=\"_self\" aria-label=\"\u00d6nce Personel\" rel=\"noopener noreferrer\" href=\"#\"> <\/a><span class=\"uagb-icon-list__source-wrap\"><svg xmlns=\"https:\/\/www.w3.org\/2000\/svg\" viewbox=\"0 0 256 512\"><path d=\"M118.6 105.4l128 127.1C252.9 239.6 256 247.8 256 255.1s-3.125 16.38-9.375 22.63l-128 127.1c-9.156 9.156-22.91 11.9-34.88 6.943S64 396.9 64 383.1V128c0-12.94 7.781-24.62 19.75-29.58S109.5 96.23 118.6 105.4z\"><\/path><\/svg><\/span><span class=\"uagb-icon-list__label\">\u00d6nce Personel<\/span><\/div>\n\n\n\n<div class=\"wp-block-uagb-icon-list-child uagb-block-848cfa54\"><a target=\"_self\" aria-label=\"Kalite\" rel=\"noopener noreferrer\" href=\"#\"> <\/a><span class=\"uagb-icon-list__source-wrap\"><svg xmlns=\"https:\/\/www.w3.org\/2000\/svg\" viewbox=\"0 0 256 512\"><path d=\"M118.6 105.4l128 127.1C252.9 239.6 256 247.8 256 255.1s-3.125 16.38-9.375 22.63l-128 127.1c-9.156 9.156-22.91 11.9-34.88 6.943S64 396.9 64 383.1V128c0-12.94 7.781-24.62 19.75-29.58S109.5 96.23 118.6 105.4z\"><\/path><\/svg><\/span><span class=\"uagb-icon-list__label\">Kalite<\/span><\/div>\n<\/div><\/div>\n<\/div>\n<\/div><\/div>","protected":false},"excerpt":{"rendered":"<p>About Us\u200b Established in 2025 Heave Up !! Mission\u200b To support seafarers by delivering reliable, high-quality crew supplies that enance comfort, well-being, and efficieny during port stays. Vision\u200b To become a trusted global ship supply partner known for operational excellence, transparency, and genuine care for seafarers Values\u200b<\/p>","protected":false},"author":1,"featured_media":0,"parent":0,"menu_order":0,"comment_status":"closed","ping_status":"closed","template":"","meta":{"_uag_custom_page_level_css":"","site-sidebar-layout":"no-sidebar","site-content-layout":"plain-container","ast-site-content-layout":"full-width-container","site-content-style":"unboxed","site-sidebar-style":"unboxed","ast-global-header-display":"","ast-banner-title-visibility":"","ast-main-header-display":"","ast-hfb-above-header-display":"","ast-hfb-below-header-display":"","ast-hfb-mobile-header-display":"","site-post-title":"disabled","ast-breadcrumbs-content":"","ast-featured-img":"disabled","footer-sml-layout":"","ast-disable-related-posts":"","theme-transparent-header-meta":"enabled","adv-header-id-meta":"","stick-header-meta":"","header-above-stick-meta":"","header-main-stick-meta":"","header-below-stick-meta":"","astra-migrate-meta-layouts":"set","ast-page-background-enabled":"default","ast-page-background-meta":{"desktop":{"background-color":"","background-image":"","background-repeat":"repeat","background-position":"center center","background-size":"auto","background-attachment":"scroll","background-type":"","background-media":"","overlay-type":"","overlay-color":"","overlay-opacity":"","overlay-gradient":""},"tablet":{"background-color":"","background-image":"","background-repeat":"repeat","background-position":"center center","background-size":"auto","background-attachment":"scroll","background-type":"","background-media":"","overlay-type":"","overlay-color":"","overlay-opacity":"","overlay-gradient":""},"mobile":{"background-color":"","background-image":"","background-repeat":"repeat","background-position":"center center","background-size":"auto","background-attachment":"scroll","background-type":"","background-media":"","overlay-type":"","overlay-color":"","overlay-opacity":"","overlay-gradient":""}},"ast-content-background-meta":{"desktop":{"background-color":"var(--ast-global-color-5)","background-image":"","background-repeat":"repeat","background-position":"center center","background-size":"auto","background-attachment":"scroll","background-type":"","background-media":"","overlay-type":"","overlay-color":"","overlay-opacity":"","overlay-gradient":""},"tablet":{"background-color":"var(--ast-global-color-5)","background-image":"","background-repeat":"repeat","background-position":"center center","background-size":"auto","background-attachment":"scroll","background-type":"","background-media":"","overlay-type":"","overlay-color":"","overlay-opacity":"","overlay-gradient":""},"mobile":{"background-color":"var(--ast-global-color-5)","background-image":"","background-repeat":"repeat","background-position":"center center","background-size":"auto","background-attachment":"scroll","background-type":"","background-media":"","overlay-type":"","overlay-color":"","overlay-opacity":"","overlay-gradient":""}},"footnotes":""},"class_list":["post-2805","page","type-page","status-publish","hentry"],"aioseo_notices":[],"_hostinger_reach_plugin_has_subscription_block":false,"_hostinger_reach_plugin_is_elementor":false,"uagb_featured_image_src":{"full":false,"thumbnail":false,"medium":false,"medium_large":false,"large":false,"1536x1536":false,"2048x2048":false,"trp-custom-language-flag":false,"woocommerce_thumbnail":false,"woocommerce_single":false,"woocommerce_gallery_thumbnail":false},"uagb_author_info":{"display_name":"U\u011fur G\u00dcRSOY","author_link":"https:\/\/wellermansupply.com\/tr\/author\/ugur-c-gursoygmail-com\/"},"uagb_comment_info":0,"uagb_excerpt":"About Us\u200b Established in 2025 Heave Up !! Mission\u200b To support seafarers by delivering reliable, high-quality crew supplies that enance comfort, well-being, and efficieny during port stays. Vision\u200b To become a trusted global ship supply partner known for operational excellence, transparency, and genuine care for seafarers Values\u200b","_links":{"self":[{"href":"https:\/\/wellermansupply.com\/tr\/wp-json\/wp\/v2\/pages\/2805","targetHints":{"allow":["GET"]}}],"collection":[{"href":"https:\/\/wellermansupply.com\/tr\/wp-json\/wp\/v2\/pages"}],"about":[{"href":"https:\/\/wellermansupply.com\/tr\/wp-json\/wp\/v2\/types\/page"}],"author":[{"embeddable":true,"href":"https:\/\/wellermansupply.com\/tr\/wp-json\/wp\/v2\/users\/1"}],"replies":[{"embeddable":true,"href":"https:\/\/wellermansupply.com\/tr\/wp-json\/wp\/v2\/comments?post=2805"}],"version-history":[{"count":5,"href":"https:\/\/wellermansupply.com\/tr\/wp-json\/wp\/v2\/pages\/2805\/revisions"}],"predecessor-version":[{"id":2943,"href":"https:\/\/wellermansupply.com\/tr\/wp-json\/wp\/v2\/pages\/2805\/revisions\/2943"}],"wp:attachment":[{"href":"https:\/\/wellermansupply.com\/tr\/wp-json\/wp\/v2\/media?parent=2805"}],"curies":[{"name":"wp","href":"https:\/\/api.w.org\/{rel}","templated":true}]}}