{"id":2804,"date":"2026-01-10T11:07:37","date_gmt":"2026-01-10T08:07:37","guid":{"rendered":"https:\/\/wellermansupply.com\/home-3\/"},"modified":"2026-01-29T21:51:30","modified_gmt":"2026-01-29T18:51:30","slug":"home-3","status":"publish","type":"page","link":"https:\/\/wellermansupply.com\/tr\/","title":{"rendered":"Anasayfa"},"content":{"rendered":"<div class=\"wp-block-uagb-container uagb-block-07933978 alignfull uagb-is-root-container\"><div class=\"uagb-container-inner-blocks-wrap\">\n<div class=\"wp-block-uagb-info-box uagb-block-425cc6b4 uagb-infobox__content-wrap  uagb-infobox-icon-above-title uagb-infobox-image-valign-top\"><div class=\"uagb-ifb-content\"><div class=\"uagb-ifb-title-wrap\"><h3 class=\"uagb-ifb-title-prefix\">Bir Ki\u015fisel Tedarik Servisi<\/h3><h2 class=\"uagb-ifb-title\">Wellerman Supply <\/h2><\/div><p class=\"uagb-ifb-desc\">At\u0131\u015ft\u0131rmal\u0131k,i\u00e7e\u00e7ek ve takviye gibi g\u00fcnl\u00fck ihtiya\u00e7lar\u0131n\u0131z\u0131 h\u0131zl\u0131 ve g\u00fcvenilir bir \u015fekilde kamaran\u0131za getiriyoruz.\nDenizcilerin ki\u015fisel ihtiya\u00e7lar\u0131n\u0131 basit, g\u00fcvenli ve ula\u015f\u0131lmas\u0131 kolay hale getiriyoruz.<br>Gemi personelinin ki\u015fisel ihtiya\u00e7lar\u0131n\u0131 basit, g\u00fcvenli ve stressiz bir \u015fekilde kar\u015f\u0131l\u0131yoruz<\/p><\/div><\/div>\n\n\n\n<div class=\"wp-block-uagb-buttons uagb-buttons__outer-wrap uagb-btn__default-btn uagb-btn-tablet__default-btn uagb-btn-mobile__default-btn uagb-block-d1a4c53b\"><div class=\"uagb-buttons__wrap uagb-buttons-layout-wrap\">\n<div class=\"wp-block-uagb-buttons-child uagb-buttons__outer-wrap uagb-block-b49ff6e8 wp-block-button\"><div class=\"uagb-button__wrapper\"><a class=\"uagb-buttons-repeater wp-block-button__link\" aria-label=\"\" href=\"https:\/\/wellermansupply.com\/tr\/services-3\/\" rel=\"follow noopener\" target=\"_self\" role=\"button\"><div class=\"uagb-button__link\">Nas\u0131l \u00c7al\u0131\u015f\u0131r ?<\/div><span class=\"uagb-button__icon uagb-button__icon-position-after\"><svg xmlns=\"https:\/\/www.w3.org\/2000\/svg\" viewbox=\"0 0 448 512\" aria-hidden=\"true\" focussable=\"false\"><path d=\"M438.6 278.6l-160 160C272.4 444.9 264.2 448 256 448s-16.38-3.125-22.62-9.375c-12.5-12.5-12.5-32.75 0-45.25L338.8 288H32C14.33 288 .0016 273.7 .0016 256S14.33 224 32 224h306.8l-105.4-105.4c-12.5-12.5-12.5-32.75 0-45.25s32.75-12.5 45.25 0l160 160C451.1 245.9 451.1 266.1 438.6 278.6z\"><\/path><\/svg><\/span><\/a><\/div><\/div>\n\n\n\n<div class=\"wp-block-uagb-buttons-child uagb-buttons__outer-wrap uagb-block-34aa6fc1 wp-block-button\"><div class=\"uagb-button__wrapper\"><a class=\"uagb-buttons-repeater wp-block-button__link\" aria-label=\"\" href=\"https:\/\/wellermansupply.com\/tr\/ordering\/\" rel=\"follow noopener\" target=\"_self\" role=\"button\"><div class=\"uagb-button__link\">Place order<\/div><\/a><\/div><\/div>\n<\/div><\/div>\n<\/div><\/div>\n\n\n\n<div class=\"wp-block-uagb-container uagb-block-f5f6dd76 alignfull uagb-is-root-container\"><div class=\"uagb-container-inner-blocks-wrap\">\n<div class=\"wp-block-uagb-container uagb-block-f0901f80\">\n<div class=\"wp-block-uagb-advanced-heading uagb-block-60f85146\"><div class=\"uagb-heading-text\"><strong>Tecr\u00fcbeli Ekip<\/strong><\/div><\/div>\n\n\n\n<figure class=\"wp-block-image size-large is-resized\"><img loading=\"lazy\" decoding=\"async\" width=\"1024\" height=\"687\" src=\"https:\/\/wellermansupply.com\/wp-content\/uploads\/2026\/01\/WhatsApp-Image-2026-01-07-at-19.11.34-1-1024x687.png\" alt=\"whatsapp image 2026 01 07 at 19.11.34\" class=\"wp-image-2849\" style=\"aspect-ratio:1.4907722630352984;width:242px;height:auto\" title=\"Anasayfa\" srcset=\"https:\/\/wellermansupply.com\/wp-content\/uploads\/2026\/01\/WhatsApp-Image-2026-01-07-at-19.11.34-1-1024x687.png 1024w, https:\/\/wellermansupply.com\/wp-content\/uploads\/2026\/01\/WhatsApp-Image-2026-01-07-at-19.11.34-1-300x201.png 300w, https:\/\/wellermansupply.com\/wp-content\/uploads\/2026\/01\/WhatsApp-Image-2026-01-07-at-19.11.34-1-600x402.png 600w, https:\/\/wellermansupply.com\/wp-content\/uploads\/2026\/01\/WhatsApp-Image-2026-01-07-at-19.11.34-1-768x515.png 768w, https:\/\/wellermansupply.com\/wp-content\/uploads\/2026\/01\/WhatsApp-Image-2026-01-07-at-19.11.34-1-1536x1030.png 1536w, https:\/\/wellermansupply.com\/wp-content\/uploads\/2026\/01\/WhatsApp-Image-2026-01-07-at-19.11.34-1.png 1600w\" sizes=\"auto, (max-width: 1024px) 100vw, 1024px\" \/><\/figure>\n<\/div>\n\n\n\n<div class=\"wp-block-uagb-container uagb-block-8bec022e\">\n<div class=\"wp-block-uagb-advanced-heading uagb-block-584e9656\"><div class=\"uagb-heading-text\"><strong>G\u00fcvenli Tedarik<\/strong><\/div><\/div>\n\n\n\n<div class=\"wp-block-uagb-image uagb-block-b5780f58 wp-block-uagb-image--layout-default wp-block-uagb-image--effect-static wp-block-uagb-image--align-none\"><figure class=\"wp-block-uagb-image__figure\"><img decoding=\"async\" srcset=\"https:\/\/wellermansupply.com\/wp-content\/uploads\/2026\/01\/WhatsApp-Image-2026-01-07-at-19.24.16-2-1024x863.png ,https:\/\/wellermansupply.com\/wp-content\/uploads\/2026\/01\/WhatsApp-Image-2026-01-07-at-19.24.16-2.png 780w, https:\/\/wellermansupply.com\/wp-content\/uploads\/2026\/01\/WhatsApp-Image-2026-01-07-at-19.24.16-2.png 360w\" sizes=\"auto, (max-width: 480px) 150px\" src=\"https:\/\/wellermansupply.com\/wp-content\/uploads\/2026\/01\/WhatsApp-Image-2026-01-07-at-19.24.16-2-1024x863.png\" alt=\"whatsapp image 2026 01 07 at 19.24.16\" class=\"uag-image-2850\" width=\"196\" height=\"165\" title=\"whatsapp image 2026 01 07 at 19.24.16\" loading=\"lazy\" role=\"img\"\/><\/figure><\/div>\n<\/div>\n\n\n\n<div class=\"wp-block-uagb-container uagb-block-3730b25c\">\n<div class=\"wp-block-uagb-advanced-heading uagb-block-2fc154d2\"><div class=\"uagb-heading-text\"><strong>Geni\u015f \u00dcr\u00fcn Yelpazesi<\/strong><\/div><\/div>\n\n\n\n<div class=\"wp-block-uagb-image uagb-block-a82b13a2 wp-block-uagb-image--layout-default wp-block-uagb-image--effect-static wp-block-uagb-image--align-none\"><figure class=\"wp-block-uagb-image__figure\"><img decoding=\"async\" srcset=\"https:\/\/wellermansupply.com\/wp-content\/uploads\/2026\/01\/ChatGPT-Image-8-Oca-2026-12_12_33-1-2-1024x683.png ,https:\/\/wellermansupply.com\/wp-content\/uploads\/2026\/01\/ChatGPT-Image-8-Oca-2026-12_12_33-1-2.png 780w, https:\/\/wellermansupply.com\/wp-content\/uploads\/2026\/01\/ChatGPT-Image-8-Oca-2026-12_12_33-1-2.png 360w\" sizes=\"auto, (max-width: 480px) 150px\" src=\"https:\/\/wellermansupply.com\/wp-content\/uploads\/2026\/01\/ChatGPT-Image-8-Oca-2026-12_12_33-1-2-1024x683.png\" alt=\"chatgpt image 8 oca 2026 12 12 33 (1)\" class=\"uag-image-2878\" width=\"1536\" height=\"1024\" title=\"chatgpt image 8 oca 2026 12 12 33 (1)\" loading=\"lazy\" role=\"img\"\/><\/figure><\/div>\n<\/div>\n<\/div><\/div>\n\n\n\n<div class=\"wp-block-uagb-container uagb-layout-grid uagb-block-71f7405a alignfull uagb-is-root-container\"><div class=\"uagb-container-inner-blocks-wrap\">\n<div class=\"wp-block-uagb-advanced-heading uagb-block-e669451d\"><div class=\"uagb-separator\"><\/div><h3 class=\"uagb-heading-text\">GELECEK SEFER\u0130N\u0130Z \u0130\u00c7\u0130N HAZIRLIKLI OLUN<\/h3><\/div>\n\n\n\n<div class=\"wp-block-group is-layout-constrained wp-block-group-is-layout-constrained\"><div class=\"wp-block-group__inner-container\">\n<div class=\"wp-block-uagb-info-box uagb-block-8975df1f uagb-infobox__content-wrap  uagb-infobox-icon-above-title uagb-infobox-image-valign-top\"><div class=\"uagb-ifb-content\"><div class=\"uagb-ifb-title-wrap\"><\/div><p class=\"uagb-ifb-desc\">Basit ve anla\u015f\u0131l\u0131r bir rehber ile sipari\u015flerinizi kolayca olu\u015fturun.Sipari\u015f vermeye ba\u015flamadan \u00f6nce akl\u0131n\u0131za tak\u0131lan bir soru mu var ?<br><br>Detaylar i\u00e7in bizim ile ileti\u015fime ge\u00e7in<\/p><\/div><\/div>\n\n\n\n<div class=\"wp-block-uagb-buttons uagb-buttons__outer-wrap uagb-btn__default-btn uagb-btn-tablet__default-btn uagb-btn-mobile__default-btn uagb-block-5d19166d\"><div class=\"uagb-buttons__wrap uagb-buttons-layout-wrap\">\n<div class=\"wp-block-uagb-buttons-child uagb-buttons__outer-wrap uagb-block-542b2111 wp-block-button\"><div class=\"uagb-button__wrapper\"><a class=\"uagb-buttons-repeater wp-block-button__link\" aria-label=\"\" href=\"https:\/\/wellermansupply.com\/tr\/services-3\/\" rel=\"follow noopener\" target=\"_self\" role=\"button\"><div class=\"uagb-button__link\">NASIL \u00c7ALI\u015eIR ?<\/div><\/a><\/div><\/div>\n<\/div><\/div>\n<\/div><\/div>\n\n\n\n<div class=\"wp-block-buttons is-layout-flex wp-block-buttons-is-layout-flex\"><\/div>\n<\/div><\/div>\n\n\n\n<div class=\"wp-block-uagb-container uagb-block-737cf484 alignfull uagb-is-root-container\"><div class=\"uagb-container-inner-blocks-wrap\">\n<div class=\"wp-block-uagb-info-box uagb-block-a1136e67 uagb-infobox__content-wrap  uagb-infobox-icon-above-title uagb-infobox-image-valign-top\"><div class=\"uagb-ifb-content\"><div class=\"uagb-ifb-title-wrap\"><h2 class=\"uagb-ifb-title\">Katolo\u011fumuzu \u0130nceleyin<\/h2><\/div><p class=\"uagb-ifb-desc\">\u0130\u00e7eceklerden \u00e7ikolatalara, at\u0131\u015ft\u0131rmal\u0131klardan besin takviyelerine birbirinden farkl\u0131 \u00fcr\u00fcn ve opsiyonu aya\u011f\u0131n\u0131za getiriyoruz.<\/p><div class=\"uagb-ifb-button-wrapper wp-block-button\"><a href=\"https:\/\/wellermansupply.com\/wp-content\/uploads\/2026\/01\/Catalogue-Final-sikistirildi.pdf\" class=\"uagb-infobox-cta-link wp-block-button__link\" target=\"_blank\" rel=\"noopener noreferrer\" onclick=\"return true;\"><span class=\"uagb-inline-editing\">Katalog<\/span><\/a><\/div><\/div><\/div>\n<\/div><\/div>\n\n\n\n<div class=\"wp-block-uagb-container uagb-block-4eb0a9d7 alignfull uagb-is-root-container\"><div class=\"uagb-container-inner-blocks-wrap\">\t\t\t\t\t<div\n\t\t\t\t\t\tclass=\"wp-block-uagb-image-gallery uagb-block-baeaabae\"\n\t\t\t\t\t\tstyle=\"\"\n\t\t\t\t\t>\n\t\t\t\t\t\t\t\t\t\t\t<div class=\"spectra-image-gallery spectra-image-gallery__layout--masonry spectra-image-gallery__layout--masonry-col-3 spectra-image-gallery__layout--masonry-col-tab-3 spectra-image-gallery__layout--masonry-col-mob-1\">\n\t\t\t\t\t\t\t\t\t\t\t<div class='spectra-image-gallery__media-wrapper--isotope'>\n\t\t\t\t\t\t\t<div class='spectra-image-gallery__media-wrapper' data-spectra-gallery-image-id='2888' tabindex=\"0\">\n\t\t\t\t\t\t\t<div class=\"spectra-image-gallery__media spectra-image-gallery__media--masonry\">\n\t\t\t\t<picture>\n\t\t\t\t\t<source media=\"(min-width: 1024px)\" srcset=\"https:\/\/wellermansupply.com\/wp-content\/uploads\/2026\/01\/1.jpg\">\n\t\t\t\t\t<source media=\"(min-width: 768px)\" srcset=\"https:\/\/wellermansupply.com\/wp-content\/uploads\/2026\/01\/1.jpg\">\n\t\t\t\t\t<img decoding=\"async\" class=\"spectra-image-gallery__media-thumbnail spectra-image-gallery__media-thumbnail--masonry\" src=\"https:\/\/wellermansupply.com\/wp-content\/uploads\/2026\/01\/1.jpg\" alt=\"1\" loading=\"lazy\" title=\"Anasayfa\">\n\t\t\t\t<\/picture>\n\t\t\t\t<div class=\"spectra-image-gallery__media-thumbnail-blurrer\"><\/div>\n\t\t\t\t\t\t\t\t\t\t\t<div class=\"spectra-image-gallery__media-thumbnail-caption-wrapper spectra-image-gallery__media-thumbnail-caption-wrapper--overlay\"><\/div>\n\t\t\t\t\t\t\t\t<\/div>\n\t\t\t\t\t\t<\/div>\n\t\t\t\t\t\t<\/div>\n\t\t\t\t\t\t<div class='spectra-image-gallery__media-wrapper--isotope'>\n\t\t\t\t\t\t\t<div class='spectra-image-gallery__media-wrapper' data-spectra-gallery-image-id='2889' tabindex=\"0\">\n\t\t\t\t\t\t\t<div class=\"spectra-image-gallery__media spectra-image-gallery__media--masonry\">\n\t\t\t\t<picture>\n\t\t\t\t\t<source media=\"(min-width: 1024px)\" srcset=\"https:\/\/wellermansupply.com\/wp-content\/uploads\/2026\/01\/2.jpg\">\n\t\t\t\t\t<source media=\"(min-width: 768px)\" srcset=\"https:\/\/wellermansupply.com\/wp-content\/uploads\/2026\/01\/2.jpg\">\n\t\t\t\t\t<img decoding=\"async\" class=\"spectra-image-gallery__media-thumbnail spectra-image-gallery__media-thumbnail--masonry\" src=\"https:\/\/wellermansupply.com\/wp-content\/uploads\/2026\/01\/2.jpg\" alt=\"2\" loading=\"lazy\" title=\"Anasayfa\">\n\t\t\t\t<\/picture>\n\t\t\t\t<div class=\"spectra-image-gallery__media-thumbnail-blurrer\"><\/div>\n\t\t\t\t\t\t\t\t\t\t\t<div class=\"spectra-image-gallery__media-thumbnail-caption-wrapper spectra-image-gallery__media-thumbnail-caption-wrapper--overlay\"><\/div>\n\t\t\t\t\t\t\t\t<\/div>\n\t\t\t\t\t\t<\/div>\n\t\t\t\t\t\t<\/div>\n\t\t\t\t\t\t<div class='spectra-image-gallery__media-wrapper--isotope'>\n\t\t\t\t\t\t\t<div class='spectra-image-gallery__media-wrapper' data-spectra-gallery-image-id='2890' tabindex=\"0\">\n\t\t\t\t\t\t\t<div class=\"spectra-image-gallery__media spectra-image-gallery__media--masonry\">\n\t\t\t\t<picture>\n\t\t\t\t\t<source media=\"(min-width: 1024px)\" srcset=\"https:\/\/wellermansupply.com\/wp-content\/uploads\/2026\/01\/3.jpg\">\n\t\t\t\t\t<source media=\"(min-width: 768px)\" srcset=\"https:\/\/wellermansupply.com\/wp-content\/uploads\/2026\/01\/3.jpg\">\n\t\t\t\t\t<img decoding=\"async\" class=\"spectra-image-gallery__media-thumbnail spectra-image-gallery__media-thumbnail--masonry\" src=\"https:\/\/wellermansupply.com\/wp-content\/uploads\/2026\/01\/3.jpg\" alt=\"3\" loading=\"lazy\" title=\"Anasayfa\">\n\t\t\t\t<\/picture>\n\t\t\t\t<div class=\"spectra-image-gallery__media-thumbnail-blurrer\"><\/div>\n\t\t\t\t\t\t\t\t\t\t\t<div class=\"spectra-image-gallery__media-thumbnail-caption-wrapper spectra-image-gallery__media-thumbnail-caption-wrapper--overlay\"><\/div>\n\t\t\t\t\t\t\t\t<\/div>\n\t\t\t\t\t\t<\/div>\n\t\t\t\t\t\t<\/div>\n\t\t\t\t\t\t<div class='spectra-image-gallery__media-wrapper--isotope'>\n\t\t\t\t\t\t\t<div class='spectra-image-gallery__media-wrapper' data-spectra-gallery-image-id='2891' tabindex=\"0\">\n\t\t\t\t\t\t\t<div class=\"spectra-image-gallery__media spectra-image-gallery__media--masonry\">\n\t\t\t\t<picture>\n\t\t\t\t\t<source media=\"(min-width: 1024px)\" srcset=\"https:\/\/wellermansupply.com\/wp-content\/uploads\/2026\/01\/4.jpg\">\n\t\t\t\t\t<source media=\"(min-width: 768px)\" srcset=\"https:\/\/wellermansupply.com\/wp-content\/uploads\/2026\/01\/4.jpg\">\n\t\t\t\t\t<img decoding=\"async\" class=\"spectra-image-gallery__media-thumbnail spectra-image-gallery__media-thumbnail--masonry\" src=\"https:\/\/wellermansupply.com\/wp-content\/uploads\/2026\/01\/4.jpg\" alt=\"4\" loading=\"lazy\" title=\"Anasayfa\">\n\t\t\t\t<\/picture>\n\t\t\t\t<div class=\"spectra-image-gallery__media-thumbnail-blurrer\"><\/div>\n\t\t\t\t\t\t\t\t\t\t\t<div class=\"spectra-image-gallery__media-thumbnail-caption-wrapper spectra-image-gallery__media-thumbnail-caption-wrapper--overlay\"><\/div>\n\t\t\t\t\t\t\t\t<\/div>\n\t\t\t\t\t\t<\/div>\n\t\t\t\t\t\t<\/div>\n\t\t\t\t\t\t<div class='spectra-image-gallery__media-wrapper--isotope'>\n\t\t\t\t\t\t\t<div class='spectra-image-gallery__media-wrapper' data-spectra-gallery-image-id='2892' tabindex=\"0\">\n\t\t\t\t\t\t\t<div class=\"spectra-image-gallery__media spectra-image-gallery__media--masonry\">\n\t\t\t\t<picture>\n\t\t\t\t\t<source media=\"(min-width: 1024px)\" srcset=\"https:\/\/wellermansupply.com\/wp-content\/uploads\/2026\/01\/6.jpg\">\n\t\t\t\t\t<source media=\"(min-width: 768px)\" srcset=\"https:\/\/wellermansupply.com\/wp-content\/uploads\/2026\/01\/6.jpg\">\n\t\t\t\t\t<img decoding=\"async\" class=\"spectra-image-gallery__media-thumbnail spectra-image-gallery__media-thumbnail--masonry\" src=\"https:\/\/wellermansupply.com\/wp-content\/uploads\/2026\/01\/6.jpg\" alt=\"6\" loading=\"lazy\" title=\"Anasayfa\">\n\t\t\t\t<\/picture>\n\t\t\t\t<div class=\"spectra-image-gallery__media-thumbnail-blurrer\"><\/div>\n\t\t\t\t\t\t\t\t\t\t\t<div class=\"spectra-image-gallery__media-thumbnail-caption-wrapper spectra-image-gallery__media-thumbnail-caption-wrapper--overlay\"><\/div>\n\t\t\t\t\t\t\t\t<\/div>\n\t\t\t\t\t\t<\/div>\n\t\t\t\t\t\t<\/div>\n\t\t\t\t\t\t<div class='spectra-image-gallery__media-wrapper--isotope'>\n\t\t\t\t\t\t\t<div class='spectra-image-gallery__media-wrapper' data-spectra-gallery-image-id='2893' tabindex=\"0\">\n\t\t\t\t\t\t\t<div class=\"spectra-image-gallery__media spectra-image-gallery__media--masonry\">\n\t\t\t\t<picture>\n\t\t\t\t\t<source media=\"(min-width: 1024px)\" srcset=\"https:\/\/wellermansupply.com\/wp-content\/uploads\/2026\/01\/7.jpg\">\n\t\t\t\t\t<source media=\"(min-width: 768px)\" srcset=\"https:\/\/wellermansupply.com\/wp-content\/uploads\/2026\/01\/7.jpg\">\n\t\t\t\t\t<img decoding=\"async\" class=\"spectra-image-gallery__media-thumbnail spectra-image-gallery__media-thumbnail--masonry\" src=\"https:\/\/wellermansupply.com\/wp-content\/uploads\/2026\/01\/7.jpg\" alt=\"7\" loading=\"lazy\" title=\"Anasayfa\">\n\t\t\t\t<\/picture>\n\t\t\t\t<div class=\"spectra-image-gallery__media-thumbnail-blurrer\"><\/div>\n\t\t\t\t\t\t\t\t\t\t\t<div class=\"spectra-image-gallery__media-thumbnail-caption-wrapper spectra-image-gallery__media-thumbnail-caption-wrapper--overlay\"><\/div>\n\t\t\t\t\t\t\t\t<\/div>\n\t\t\t\t\t\t<\/div>\n\t\t\t\t\t\t<\/div>\n\t\t\t\t\t\t\t\t\t\t<\/div>\n\t\t\t\t\t\t\t\t\t\t\t\t\t\t\t\t\t\t<\/div>\n\t\t\t\t\t\t\t\t\t<\/div><\/div>","protected":false},"excerpt":{"rendered":"<p>EXPERIENCED CREW TRUSTED SUPPLY WIDE RANGE OF PRODUCTS pREPARE FOR THE NEXT VOYAGE<\/p>","protected":false},"author":1,"featured_media":0,"parent":0,"menu_order":0,"comment_status":"closed","ping_status":"closed","template":"","meta":{"_uag_custom_page_level_css":"","site-sidebar-layout":"no-sidebar","site-content-layout":"plain-container","ast-site-content-layout":"full-width-container","site-content-style":"unboxed","site-sidebar-style":"unboxed","ast-global-header-display":"","ast-banner-title-visibility":"","ast-main-header-display":"","ast-hfb-above-header-display":"","ast-hfb-below-header-display":"","ast-hfb-mobile-header-display":"","site-post-title":"disabled","ast-breadcrumbs-content":"","ast-featured-img":"disabled","footer-sml-layout":"","ast-disable-related-posts":"","theme-transparent-header-meta":"enabled","adv-header-id-meta":"","stick-header-meta":"","header-above-stick-meta":"","header-main-stick-meta":"","header-below-stick-meta":"","astra-migrate-meta-layouts":"set","ast-page-background-enabled":"default","ast-page-background-meta":{"desktop":{"background-color":"","background-image":"","background-repeat":"repeat","background-position":"center center","background-size":"auto","background-attachment":"scroll","background-type":"","background-media":"","overlay-type":"","overlay-color":"","overlay-opacity":"","overlay-gradient":""},"tablet":{"background-color":"","background-image":"","background-repeat":"repeat","background-position":"center center","background-size":"auto","background-attachment":"scroll","background-type":"","background-media":"","overlay-type":"","overlay-color":"","overlay-opacity":"","overlay-gradient":""},"mobile":{"background-color":"","background-image":"","background-repeat":"repeat","background-position":"center center","background-size":"auto","background-attachment":"scroll","background-type":"","background-media":"","overlay-type":"","overlay-color":"","overlay-opacity":"","overlay-gradient":""}},"ast-content-background-meta":{"desktop":{"background-color":"var(--ast-global-color-5)","background-image":"","background-repeat":"repeat","background-position":"center center","background-size":"auto","background-attachment":"scroll","background-type":"","background-media":"","overlay-type":"","overlay-color":"","overlay-opacity":"","overlay-gradient":""},"tablet":{"background-color":"var(--ast-global-color-5)","background-image":"","background-repeat":"repeat","background-position":"center center","background-size":"auto","background-attachment":"scroll","background-type":"","background-media":"","overlay-type":"","overlay-color":"","overlay-opacity":"","overlay-gradient":""},"mobile":{"background-color":"var(--ast-global-color-5)","background-image":"","background-repeat":"repeat","background-position":"center center","background-size":"auto","background-attachment":"scroll","background-type":"","background-media":"","overlay-type":"","overlay-color":"","overlay-opacity":"","overlay-gradient":""}},"footnotes":""},"class_list":["post-2804","page","type-page","status-publish","hentry"],"aioseo_notices":[],"_hostinger_reach_plugin_has_subscription_block":false,"_hostinger_reach_plugin_is_elementor":false,"uagb_featured_image_src":{"full":false,"thumbnail":false,"medium":false,"medium_large":false,"large":false,"1536x1536":false,"2048x2048":false,"trp-custom-language-flag":false,"woocommerce_thumbnail":false,"woocommerce_single":false,"woocommerce_gallery_thumbnail":false},"uagb_author_info":{"display_name":"U\u011fur G\u00dcRSOY","author_link":"https:\/\/wellermansupply.com\/tr\/author\/ugur-c-gursoygmail-com\/"},"uagb_comment_info":0,"uagb_excerpt":"EXPERIENCED CREW TRUSTED SUPPLY WIDE RANGE OF PRODUCTS pREPARE FOR THE NEXT VOYAGE","_links":{"self":[{"href":"https:\/\/wellermansupply.com\/tr\/wp-json\/wp\/v2\/pages\/2804","targetHints":{"allow":["GET"]}}],"collection":[{"href":"https:\/\/wellermansupply.com\/tr\/wp-json\/wp\/v2\/pages"}],"about":[{"href":"https:\/\/wellermansupply.com\/tr\/wp-json\/wp\/v2\/types\/page"}],"author":[{"embeddable":true,"href":"https:\/\/wellermansupply.com\/tr\/wp-json\/wp\/v2\/users\/1"}],"replies":[{"embeddable":true,"href":"https:\/\/wellermansupply.com\/tr\/wp-json\/wp\/v2\/comments?post=2804"}],"version-history":[{"count":48,"href":"https:\/\/wellermansupply.com\/tr\/wp-json\/wp\/v2\/pages\/2804\/revisions"}],"predecessor-version":[{"id":3415,"href":"https:\/\/wellermansupply.com\/tr\/wp-json\/wp\/v2\/pages\/2804\/revisions\/3415"}],"wp:attachment":[{"href":"https:\/\/wellermansupply.com\/tr\/wp-json\/wp\/v2\/media?parent=2804"}],"curies":[{"name":"wp","href":"https:\/\/api.w.org\/{rel}","templated":true}]}}